{"id":87,"date":"2019-04-23T14:33:24","date_gmt":"2019-04-23T12:33:24","guid":{"rendered":"http:\/\/comomolo.com\/?page_id=87"},"modified":"2019-05-03T10:20:18","modified_gmt":"2019-05-03T08:20:18","slug":"webmaster","status":"publish","type":"page","link":"https:\/\/comomolo.com\/index.php\/webmaster\/","title":{"rendered":"Webmaster"},"content":{"rendered":"\n<p><strong>\u00bfPor qu\u00e9 he realizado esta p\u00e1gina?,<\/strong> \u00bfy porque no?<br>No pretendo nada con esta p\u00e1gina. \u00danicamente mostrar los lugares que he visitado y algunas cosas que me he visto por internet hace tiempo y me gustaban<br>Tambi\u00e9n hay un diario de las veces que he hecho el Camino de Santiago. <br>En fin, los que me conoc\u00e9is sab\u00e9is que no me pod\u00e9is tomar en serio y los que no me conoc\u00e9is no s\u00e9 como os hab\u00e9is enterado de la existencia de esta p\u00e1gina, aunque claro est\u00e1, sois bienvenidos <\/p>\n\n\n\n<p>Si quieres acceder a mi p\u00e1gina \u00abprofesional\u00bb, <a href=\"http:\/\/oscarperez.es\" target=\"_blank\" rel=\"noreferrer noopener\" aria-label=\"oscarperez.es (abre en una nueva pesta\u00f1a)\">oscarperez.es<\/a><\/p>\n\n\n\n<p>Una cosa que quiero decir, es sobre la secci\u00f3n de \u00abDocumentos\u00bb.  Estos textos no son m\u00edos; los he ido recopilando a lo largo del tiempo y he puesto los que he creido que eran divertidos, aunque eso no significa que est\u00e9 de acuerdo con ellos.  Mi intenci\u00f3n no es insultar ni menospreciar a nadie; si alguna persona, se siente molesta, que me perdone, pero vuelvo a repetir que esa no es mi intenci\u00f3n.&nbsp; <\/p>\n\n\n\n<p><strong>Amig@, \u00a1Disfr\u00fatalo!<\/strong><br><\/p>\n","protected":false},"excerpt":{"rendered":"<p>\u00bfPor qu\u00e9 he realizado esta p\u00e1gina?, \u00bfy porque no?No pretendo nada con esta p\u00e1gina. \u00danicamente mostrar los lugares que he visitado y algunas cosas que me he visto por internet hace tiempo y me gustabanTambi\u00e9n hay un diario de las veces que he hecho el Camino de Santiago. En fin,&#8230;<\/p>\n<p> <a class=\"continue-reading-link\" href=\"https:\/\/comomolo.com\/index.php\/webmaster\/\"><span>Seguir leyendo<\/span><i class=\"crycon-right-dir\"><\/i><\/a> <\/p>\n","protected":false},"author":1,"featured_media":0,"parent":0,"menu_order":0,"comment_status":"closed","ping_status":"closed","template":"","meta":{"footnotes":""},"_links":{"self":[{"href":"https:\/\/comomolo.com\/index.php\/wp-json\/wp\/v2\/pages\/87"}],"collection":[{"href":"https:\/\/comomolo.com\/index.php\/wp-json\/wp\/v2\/pages"}],"about":[{"href":"https:\/\/comomolo.com\/index.php\/wp-json\/wp\/v2\/types\/page"}],"author":[{"embeddable":true,"href":"https:\/\/comomolo.com\/index.php\/wp-json\/wp\/v2\/users\/1"}],"replies":[{"embeddable":true,"href":"https:\/\/comomolo.com\/index.php\/wp-json\/wp\/v2\/comments?post=87"}],"version-history":[{"count":3,"href":"https:\/\/comomolo.com\/index.php\/wp-json\/wp\/v2\/pages\/87\/revisions"}],"predecessor-version":[{"id":468,"href":"https:\/\/comomolo.com\/index.php\/wp-json\/wp\/v2\/pages\/87\/revisions\/468"}],"wp:attachment":[{"href":"https:\/\/comomolo.com\/index.php\/wp-json\/wp\/v2\/media?parent=87"}],"curies":[{"name":"wp","href":"https:\/\/api.w.org\/{rel}","templated":true}]}}